{"id":92,"date":"2024-01-03T17:16:31","date_gmt":"2024-01-03T16:16:31","guid":{"rendered":"https:\/\/afomuc.com\/?page_id=92"},"modified":"2024-04-02T05:31:13","modified_gmt":"2024-04-02T03:31:13","slug":"conciertos","status":"publish","type":"page","link":"https:\/\/afomuc.com\/en\/conciertos\/","title":{"rendered":"Past Concerts"},"content":{"rendered":"<p class=\"wp-block-paragraph\">En este espacio puedes encontrar los enlaces a los v\u00eddeos de los diferentes conciertos realizados en el espacio cultural \u201cla tenda el pi\u201d. Los v\u00eddeos vienen organizados por a\u00f1o, tipo, t\u00edtulo e int\u00e9rprete.<\/p>\n\n\n\n<ul class=\"wp-block-list\">\n<li><a href=\"https:\/\/afomuc.com\/en\/2024-2\/\">2024<\/a><\/li>\n<\/ul>","protected":false},"excerpt":{"rendered":"<p>En este espacio puedes encontrar los enlaces a los v\u00eddeos de los diferentes conciertos realizados en el espacio cultural \u201cla tenda el pi\u201d. Los v\u00eddeos vienen organizados por a\u00f1o, tipo, t\u00edtulo e int\u00e9rprete.<\/p>","protected":false},"author":244611430,"featured_media":0,"parent":0,"menu_order":0,"comment_status":"closed","ping_status":"closed","template":"","meta":{"_crdt_document":"","advanced_seo_description":"","jetpack_seo_html_title":"","jetpack_seo_noindex":false,"footnotes":""},"class_list":["post-92","page","type-page","status-publish","hentry"],"jetpack_likes_enabled":true,"jetpack_sharing_enabled":true,"jetpack_shortlink":"https:\/\/wp.me\/PfoX7P-1u","jetpack-related-posts":[],"post_mailing_queue_ids":[],"_links":{"self":[{"href":"https:\/\/afomuc.com\/en\/wp-json\/wp\/v2\/pages\/92","targetHints":{"allow":["GET"]}}],"collection":[{"href":"https:\/\/afomuc.com\/en\/wp-json\/wp\/v2\/pages"}],"about":[{"href":"https:\/\/afomuc.com\/en\/wp-json\/wp\/v2\/types\/page"}],"author":[{"embeddable":true,"href":"https:\/\/afomuc.com\/en\/wp-json\/wp\/v2\/users\/244611430"}],"replies":[{"embeddable":true,"href":"https:\/\/afomuc.com\/en\/wp-json\/wp\/v2\/comments?post=92"}],"version-history":[{"count":10,"href":"https:\/\/afomuc.com\/en\/wp-json\/wp\/v2\/pages\/92\/revisions"}],"predecessor-version":[{"id":989,"href":"https:\/\/afomuc.com\/en\/wp-json\/wp\/v2\/pages\/92\/revisions\/989"}],"wp:attachment":[{"href":"https:\/\/afomuc.com\/en\/wp-json\/wp\/v2\/media?parent=92"}],"curies":[{"name":"wp","href":"https:\/\/api.w.org\/{rel}","templated":true}]}}