{"id":851,"date":"2024-03-23T07:40:43","date_gmt":"2024-03-23T06:40:43","guid":{"rendered":"https:\/\/afomuc.com\/?page_id=851"},"modified":"2024-07-07T19:57:29","modified_gmt":"2024-07-07T17:57:29","slug":"afomuc-2","status":"publish","type":"page","link":"https:\/\/afomuc.com\/en\/afomuc-2\/","title":{"rendered":"AFOMUC"},"content":{"rendered":"<figure class=\"wp-block-image alignleft size-full is-resized\"><img data-recalc-dims=\"1\" loading=\"lazy\" decoding=\"async\" width=\"2925\" height=\"1983\" data-attachment-id=\"2777\" data-permalink=\"https:\/\/afomuc.com\/en\/afomuc-2\/83baf00e-9e81-48fe-afd3-c59177741d44\/\" data-orig-file=\"https:\/\/i0.wp.com\/afomuc.com\/wp-content\/uploads\/2024\/07\/83baf00e-9e81-48fe-afd3-c59177741d44.jpeg?fit=2925%2C1983&amp;ssl=1\" data-orig-size=\"2925,1983\" data-comments-opened=\"1\" data-image-meta=\"{&quot;aperture&quot;:&quot;0&quot;,&quot;credit&quot;:&quot;&quot;,&quot;camera&quot;:&quot;&quot;,&quot;caption&quot;:&quot;&quot;,&quot;created_timestamp&quot;:&quot;0&quot;,&quot;copyright&quot;:&quot;&quot;,&quot;focal_length&quot;:&quot;0&quot;,&quot;iso&quot;:&quot;0&quot;,&quot;shutter_speed&quot;:&quot;0&quot;,&quot;title&quot;:&quot;&quot;,&quot;orientation&quot;:&quot;0&quot;}\" data-image-title=\"83baf00e-9e81-48fe-afd3-c59177741d44\" data-image-description=\"\" data-image-caption=\"\" data-large-file=\"https:\/\/i0.wp.com\/afomuc.com\/wp-content\/uploads\/2024\/07\/83baf00e-9e81-48fe-afd3-c59177741d44.jpeg?fit=1024%2C694&amp;ssl=1\" src=\"https:\/\/i0.wp.com\/afomuc.com\/wp-content\/uploads\/2024\/07\/83baf00e-9e81-48fe-afd3-c59177741d44.jpeg?resize=2925%2C1983&#038;ssl=1\" alt=\"\" class=\"wp-image-2777\" style=\"width:600px;height:auto\" srcset=\"https:\/\/i0.wp.com\/afomuc.com\/wp-content\/uploads\/2024\/07\/83baf00e-9e81-48fe-afd3-c59177741d44.jpeg?w=2925&amp;ssl=1 2925w, https:\/\/i0.wp.com\/afomuc.com\/wp-content\/uploads\/2024\/07\/83baf00e-9e81-48fe-afd3-c59177741d44.jpeg?resize=300%2C203&amp;ssl=1 300w, https:\/\/i0.wp.com\/afomuc.com\/wp-content\/uploads\/2024\/07\/83baf00e-9e81-48fe-afd3-c59177741d44.jpeg?resize=1024%2C694&amp;ssl=1 1024w, https:\/\/i0.wp.com\/afomuc.com\/wp-content\/uploads\/2024\/07\/83baf00e-9e81-48fe-afd3-c59177741d44.jpeg?resize=768%2C521&amp;ssl=1 768w, https:\/\/i0.wp.com\/afomuc.com\/wp-content\/uploads\/2024\/07\/83baf00e-9e81-48fe-afd3-c59177741d44.jpeg?resize=1536%2C1041&amp;ssl=1 1536w, https:\/\/i0.wp.com\/afomuc.com\/wp-content\/uploads\/2024\/07\/83baf00e-9e81-48fe-afd3-c59177741d44.jpeg?resize=2048%2C1388&amp;ssl=1 2048w, https:\/\/i0.wp.com\/afomuc.com\/wp-content\/uploads\/2024\/07\/83baf00e-9e81-48fe-afd3-c59177741d44.jpeg?resize=1200%2C814&amp;ssl=1 1200w, https:\/\/i0.wp.com\/afomuc.com\/wp-content\/uploads\/2024\/07\/83baf00e-9e81-48fe-afd3-c59177741d44.jpeg?resize=1320%2C895&amp;ssl=1 1320w, https:\/\/i0.wp.com\/afomuc.com\/wp-content\/uploads\/2024\/07\/83baf00e-9e81-48fe-afd3-c59177741d44.jpeg?resize=600%2C407&amp;ssl=1 600w\" sizes=\"auto, (max-width: 1000px) 100vw, 1000px\" \/><\/figure>\n\n\n\n<p class=\"has-text-align-justify has-medium-font-size wp-block-paragraph\">AFOMUC\u2002es una asociaci\u00f3n Cultural sin \u00e1nimo de lucro que tiene como principal finalidad, promover, fomentar, favorecer y difundir la m\u00fasica cl\u00e1sica, la cultura y la formaci\u00f3n musical entre los socios, vecinos y ciudadanos en general. Los fines de la asociaci\u00f3n, constituyen apoyar e impulsar la carrera profesional, de m\u00fasicos estudiantes y de aquellos que dedic\u00e1ndose profesionalmente a la m\u00fasica, no perciban ingresos estables, la promoci\u00f3n y difusi\u00f3n del arte musical de aquellas personas que deseen que sus composiciones musicales sean conocidas e interpretadas. Esto se realizar\u00e1\u2002a partir de ciclos de conciertos, ya sea solistas o de c\u00e1mara, donde el elemento did\u00e1ctico y de formaci\u00f3n tendr\u00e1 un papel importante.<\/p>\n\n\n\n<p class=\"has-medium-font-size wp-block-paragraph\">Entre las distintas actividades realizadas por la asociaci\u00f3n destacaremos, los ciclos de conciertos, monogr\u00e1ficos de compositores y compositoras de diferentes \u00e9pocas de la historia de la m\u00fasica, ciclo dedicado a la m\u00fasica iberof\u00f3nica, conciertos did\u00e1cticos, conciertos de m\u00fasica incidental, estreno y grabaciones de obras de compositores espa\u00f1oles o residentes en Espa\u00f1a actuales.<\/p>\n\n\n\n<p class=\"has-medium-font-size wp-block-paragraph\">Si bien estas actividades se desarrollar\u00e1n en diferentes aulas de cultura y centros culturales tanto de la Comunidad Valenciana como de otras comunidades, la mayor\u00eda de estas actividades se realizar\u00e1n en el centro cultural \u201c Tenda el Pi\u201d, el cual ha sido habilitado por la propia asociaci\u00f3n para el desarrollo de \u00e9stas.<\/p>\n\n\n\n<p class=\"has-text-align-justify has-medium-font-size wp-block-paragraph\">Aprovechando la disponibilidad de este centro cultural, y con la intenci\u00f3n de fomentar la cultura y ayudar al mantenimiento de la asociaci\u00f3n, se desarrollar\u00e1 otro tipo de actividades culturales, no relacionadas exclusivamente con la m\u00fasica. La asociaci\u00f3n, pues dispondr\u00e1 del centro cultural para acceder a partir de un donativo a exposiciones, conciertos, de otros estilos musicales y de m\u00fasicos, ya consolidados, cursos, conferencias, presentaciones y cualquier tipo de actividad que ayude a fomentar el desarrollo cultural de la zona.<\/p>\n\n\n\n<p class=\"has-text-align-justify has-medium-font-size wp-block-paragraph\">Aprovechando la disponibilidad de este centro cultural, y con la intenci\u00f3n de fomentar la cultura y ayudar al mantenimiento de la asociaci\u00f3n, se desarrollar\u00e1 otro tipo de actividades culturales, no relacionadas exclusivamente con la m\u00fasica. La asociaci\u00f3n, pues dispondr\u00e1 del centro cultural para acceder a partir de un donativo a exposiciones, conciertos, de otros estilos musicales y de m\u00fasicos, ya consolidados, cursos, conferencias, presentaciones y cualquier tipo de actividad que ayude a fomentar el desarrollo cultural de la zona.<\/p>\n\n\n\n<p class=\"wp-block-paragraph\"><\/p>\n\n\n\n<h2 class=\"wp-block-heading alignwide\" id=\"we-re-a-studio-in-berlin-with-an-international-practice-in-architecture-urban-planning-and-interior-design-we-believe-in-sharing-knowledge-and-promoting-dialogue-to-increase-the-creative-potential-of-collaboration\" style=\"font-size:clamp(27.894px, 1.743rem + ((1vw - 3.2px) * 2.285), 48px);line-height:1.1\">\u00bfQui\u00e9n puede participar?<\/h2>\n\n\n\n<p class=\"wp-block-paragraph\"><\/p>\n\n\n\n<p class=\"has-medium-font-size wp-block-paragraph\">Atendiendo, pues, a lo comentado, en el p\u00e1rrafo anterior, diferenciamos dos tipos de actividades, las propiamente de la asociaci\u00f3n y las independientes a esta. En este primer tipo de actividades podr\u00e1n participar todos aquellos m\u00fasicos que quieran realizar alg\u00fan concierto propio de la programaci\u00f3n de la asociaci\u00f3n. En estos conciertos Recibir\u00e1n retribuci\u00f3n econ\u00f3mica, \u00fanicamente aquellos m\u00fasicos que no tengan una estabilidad econ\u00f3mica, es por ello, que la mayor\u00eda de los<\/p>\n\n\n\n<p class=\"has-text-align-justify has-medium-font-size wp-block-paragraph\">m\u00fasicos participantes ser\u00e1n estudiantes o con los estudios reci\u00e9n acabados . Todo aquel m\u00fasico con un sueldo estable podr\u00e1 participar con la finalidad de ayudar al desarrollo de la asociaci\u00f3n. El segundo tipo de actividades relacionadas exclusivamente con el centro cultural, las podr\u00e1n desarrollar aquellas personas que deseen realizar alguna actividad cultural de las ya comentadas para este centro. Estas actividades no ser\u00e1n pagadas por la asociaci\u00f3n, al contrario, \u00e9sta recibir\u00e1 un donativo por ceder el local, pudiendo as\u00ed pues, la persona que organiza la actividad, establecer el coste de \u00e9sta y los ingresos que considera oportuno para su desarrollo. La asociaci\u00f3n en este caso, aparte de dejar el centro cultural, ayudar\u00e1 a la promoci\u00f3n de estas actividades.<\/p>\n\n\n\n<p class=\"has-text-align-left has-medium-font-size wp-block-paragraph\"><\/p>\n\n\n\n<p class=\"wp-block-paragraph\"><\/p>\n\n\n\n<p class=\"wp-block-paragraph\"><\/p>\n\n\n\n<p class=\"wp-block-paragraph\"><\/p>\n\n\n\n<p class=\"wp-block-paragraph\"><\/p>\n\n\n\n<p class=\"wp-block-paragraph\"><\/p>\n\n\n\n<p class=\"wp-block-paragraph\"><\/p>\n\n\n\n<p class=\"wp-block-paragraph\"><\/p>\n\n\n\n<p class=\"wp-block-paragraph\"><\/p>\n\n\n\n<p class=\"wp-block-paragraph\"><\/p>\n\n\n\n<p class=\"wp-block-paragraph\"><\/p>\n\n\n\n<p class=\"wp-block-paragraph\"><\/p>\n\n\n\n<p class=\"wp-block-paragraph\"><\/p>\n\n\n\n<p class=\"wp-block-paragraph\"><\/p>\n\n\n\n<p class=\"wp-block-paragraph\"><\/p>\n\n\n\n<p class=\"wp-block-paragraph\"><\/p>\n\n\n\n<p class=\"wp-block-paragraph\"><\/p>\n\n\n\n<p class=\"wp-block-paragraph\"><\/p>\n\n\n\n<p class=\"wp-block-paragraph\"><\/p>\n\n\n\n<p class=\"wp-block-paragraph\"><\/p>\n\n\n\n<p class=\"wp-block-paragraph\"><\/p>\n\n\n\n<p class=\"wp-block-paragraph\"><\/p>\n\n\n\n<p class=\"wp-block-paragraph\"><\/p>\n\n\n\n<p class=\"wp-block-paragraph\"><\/p>\n\n\n\n<p class=\"wp-block-paragraph\"><\/p>\n\n\n\n<p class=\"wp-block-paragraph\"><\/p>\n\n\n\n<p class=\"wp-block-paragraph\"><\/p>\n\n\n\n<p class=\"wp-block-paragraph\"><\/p>\n\n\n\n<p class=\"wp-block-paragraph\"><\/p>\n\n\n\n<p class=\"wp-block-paragraph\"><\/p>\n\n\n\n<p class=\"wp-block-paragraph\"><\/p>\n\n\n\n<p class=\"wp-block-paragraph\"><\/p>\n\n\n\n<p class=\"wp-block-paragraph\"><\/p>\n\n\n\n<p class=\"wp-block-paragraph\"><\/p>\n\n\n\n<p class=\"wp-block-paragraph\"><\/p>\n\n\n\n<p class=\"wp-block-paragraph\"><\/p>\n\n\n\n<p class=\"wp-block-paragraph\"><\/p>\n\n\n\n<p class=\"wp-block-paragraph\"><\/p>\n\n\n\n<p class=\"has-text-align-justify wp-block-paragraph\"><\/p>\n\n\n\n<p class=\"wp-block-paragraph\"><\/p>\n\n\n\n<p class=\"wp-block-paragraph\"><\/p>\n\n\n\n<p class=\"wp-block-paragraph\"><\/p>\n\n\n\n<p class=\"wp-block-paragraph\"><\/p>\n\n\n\n<p class=\"wp-block-paragraph\"><\/p>\n\n\n\n<p class=\"wp-block-paragraph\"><\/p>\n\n\n\n<p class=\"wp-block-paragraph\"><\/p>\n\n\n\n<p class=\"wp-block-paragraph\"><\/p>\n\n\n\n<p class=\"wp-block-paragraph\"><\/p>\n\n\n\n<p class=\"wp-block-paragraph\"><\/p>\n\n\n\n<p class=\"wp-block-paragraph\"><\/p>\n\n\n\n<p class=\"wp-block-paragraph\"><\/p>\n\n\n\n<p class=\"wp-block-paragraph\"><\/p>\n\n\n\n<p class=\"wp-block-paragraph\"><\/p>\n\n\n\n<p class=\"wp-block-paragraph\"><\/p>\n\n\n\n<p class=\"wp-block-paragraph\"><\/p>\n\n\n\n<p class=\"wp-block-paragraph\"><\/p>\n\n\n\n<p class=\"wp-block-paragraph\"><\/p>\n\n\n\n<p class=\"wp-block-paragraph\"><\/p>\n\n\n\n<p class=\"wp-block-paragraph\"><\/p>\n\n\n\n<p class=\"wp-block-paragraph\"><\/p>\n\n\n\n<p class=\"wp-block-paragraph\"><\/p>\n\n\n\n<p class=\"wp-block-paragraph\"><\/p>\n\n\n\n<h1 class=\"wp-block-heading has-text-align-left\"><\/h1>","protected":false},"excerpt":{"rendered":"<p>AFOMUC\u2002es una asociaci\u00f3n Cultural sin \u00e1nimo de lucro que tiene como principal finalidad, promover, fomentar, favorecer y difundir la m\u00fasica cl\u00e1sica, la cultura y la formaci\u00f3n musical entre los socios, vecinos y ciudadanos en general. Los fines de la asociaci\u00f3n, constituyen apoyar e impulsar la carrera profesional, de m\u00fasicos estudiantes y de aquellos que dedic\u00e1ndose [&hellip;]<\/p>\n","protected":false},"author":244611430,"featured_media":0,"parent":0,"menu_order":0,"comment_status":"closed","ping_status":"closed","template":"","meta":{"_crdt_document":"","advanced_seo_description":"","jetpack_seo_html_title":"","jetpack_seo_noindex":false,"footnotes":""},"class_list":["post-851","page","type-page","status-publish","hentry"],"jetpack_likes_enabled":true,"jetpack_sharing_enabled":true,"jetpack_shortlink":"https:\/\/wp.me\/PfoX7P-dJ","jetpack-related-posts":[],"post_mailing_queue_ids":[],"_links":{"self":[{"href":"https:\/\/afomuc.com\/en\/wp-json\/wp\/v2\/pages\/851","targetHints":{"allow":["GET"]}}],"collection":[{"href":"https:\/\/afomuc.com\/en\/wp-json\/wp\/v2\/pages"}],"about":[{"href":"https:\/\/afomuc.com\/en\/wp-json\/wp\/v2\/types\/page"}],"author":[{"embeddable":true,"href":"https:\/\/afomuc.com\/en\/wp-json\/wp\/v2\/users\/244611430"}],"replies":[{"embeddable":true,"href":"https:\/\/afomuc.com\/en\/wp-json\/wp\/v2\/comments?post=851"}],"version-history":[{"count":39,"href":"https:\/\/afomuc.com\/en\/wp-json\/wp\/v2\/pages\/851\/revisions"}],"predecessor-version":[{"id":2778,"href":"https:\/\/afomuc.com\/en\/wp-json\/wp\/v2\/pages\/851\/revisions\/2778"}],"wp:attachment":[{"href":"https:\/\/afomuc.com\/en\/wp-json\/wp\/v2\/media?parent=851"}],"curies":[{"name":"wp","href":"https:\/\/api.w.org\/{rel}","templated":true}]}}