{"id":82,"date":"2024-01-03T17:12:35","date_gmt":"2024-01-03T16:12:35","guid":{"rendered":"https:\/\/afomuc.com\/?page_id=82"},"modified":"2024-04-12T21:10:41","modified_gmt":"2024-04-12T19:10:41","slug":"grabaciones","status":"publish","type":"page","link":"https:\/\/afomuc.com\/en\/grabaciones\/","title":{"rendered":"Recordings"},"content":{"rendered":"<p class=\"has-text-align-justify wp-block-paragraph\">En este apartado encontrar\u00e1s grabaciones de obras realizadas por composiciones actuales. Algunas de ellas tambi\u00e9n est\u00e1n en las grabaciones de los conciertos. La diferencia es que no son grabaciones en directo y est\u00e1n realizadas en el aula de cultura de Pedro Vaello de El Campello.<\/p>","protected":false},"excerpt":{"rendered":"<p>En este apartado encontrar\u00e1s grabaciones de obras realizadas por composiciones actuales. Algunas de ellas tambi\u00e9n est\u00e1n en las grabaciones de los conciertos. La diferencia es que no son grabaciones en directo y est\u00e1n realizadas en el aula de cultura de Pedro Vaello de El Campello.<\/p>","protected":false},"author":244611430,"featured_media":0,"parent":0,"menu_order":0,"comment_status":"closed","ping_status":"closed","template":"","meta":{"_crdt_document":"","advanced_seo_description":"","jetpack_seo_html_title":"","jetpack_seo_noindex":false,"footnotes":""},"class_list":["post-82","page","type-page","status-publish","hentry"],"jetpack_likes_enabled":true,"jetpack_sharing_enabled":true,"jetpack_shortlink":"https:\/\/wp.me\/PfoX7P-1k","jetpack-related-posts":[],"post_mailing_queue_ids":[],"_links":{"self":[{"href":"https:\/\/afomuc.com\/en\/wp-json\/wp\/v2\/pages\/82","targetHints":{"allow":["GET"]}}],"collection":[{"href":"https:\/\/afomuc.com\/en\/wp-json\/wp\/v2\/pages"}],"about":[{"href":"https:\/\/afomuc.com\/en\/wp-json\/wp\/v2\/types\/page"}],"author":[{"embeddable":true,"href":"https:\/\/afomuc.com\/en\/wp-json\/wp\/v2\/users\/244611430"}],"replies":[{"embeddable":true,"href":"https:\/\/afomuc.com\/en\/wp-json\/wp\/v2\/comments?post=82"}],"version-history":[{"count":4,"href":"https:\/\/afomuc.com\/en\/wp-json\/wp\/v2\/pages\/82\/revisions"}],"predecessor-version":[{"id":1205,"href":"https:\/\/afomuc.com\/en\/wp-json\/wp\/v2\/pages\/82\/revisions\/1205"}],"wp:attachment":[{"href":"https:\/\/afomuc.com\/en\/wp-json\/wp\/v2\/media?parent=82"}],"curies":[{"name":"wp","href":"https:\/\/api.w.org\/{rel}","templated":true}]}}