{"id":74,"date":"2024-01-03T17:09:07","date_gmt":"2024-01-03T16:09:07","guid":{"rendered":"https:\/\/afomuc.com\/?page_id=74"},"modified":"2026-01-24T16:10:52","modified_gmt":"2026-01-24T15:10:52","slug":"centro-cultural-tenda-el-pi","status":"publish","type":"page","link":"https:\/\/afomuc.com\/en\/","title":{"rendered":"\"La tenda el pi\" Cultural Center"},"content":{"rendered":"<div class=\"wp-block-eds-animate-it-block eds-animate-block-save\"><div class=\"eds-animate animated edsanimate-sis-hidden\" data-eds-entry-animation=\"fadeIn\" data-eds-entry-delay=\"0.5\" data-eds-entry-duration=\"1\" data-eds-entry-timing=\"linear\" data-eds-exit-animation=\"\" data-eds-exit-delay=\"0\" data-eds-exit-duration=\"0.5\" data-eds-exit-timing=\"linear\" data-eds-repeat-count=\"1\" data-eds-keep=\"yes\" data-eds-animate-on=\"load\" data-eds-scroll-offset=\"\">\n<figure class=\"wp-block-image size-full\"><a href=\"https:\/\/i0.wp.com\/afomuc.com\/wp-content\/uploads\/2024\/07\/f3771542-1ea1-4f0e-812c-99587d43e0f9.jpeg?ssl=1\"><img data-recalc-dims=\"1\" loading=\"lazy\" decoding=\"async\" width=\"2048\" height=\"1524\" data-attachment-id=\"2760\" data-permalink=\"https:\/\/afomuc.com\/en\/centro-cultural-tenda-el-pi\/f3771542-1ea1-4f0e-812c-99587d43e0f9\/\" data-orig-file=\"https:\/\/i0.wp.com\/afomuc.com\/wp-content\/uploads\/2024\/07\/f3771542-1ea1-4f0e-812c-99587d43e0f9.jpeg?fit=2048%2C1524&amp;ssl=1\" data-orig-size=\"2048,1524\" data-comments-opened=\"1\" data-image-meta=\"{&quot;aperture&quot;:&quot;0&quot;,&quot;credit&quot;:&quot;&quot;,&quot;camera&quot;:&quot;&quot;,&quot;caption&quot;:&quot;&quot;,&quot;created_timestamp&quot;:&quot;0&quot;,&quot;copyright&quot;:&quot;&quot;,&quot;focal_length&quot;:&quot;0&quot;,&quot;iso&quot;:&quot;0&quot;,&quot;shutter_speed&quot;:&quot;0&quot;,&quot;title&quot;:&quot;&quot;,&quot;orientation&quot;:&quot;0&quot;}\" data-image-title=\"f3771542-1ea1-4f0e-812c-99587d43e0f9\" data-image-description=\"\" data-image-caption=\"\" data-large-file=\"https:\/\/i0.wp.com\/afomuc.com\/wp-content\/uploads\/2024\/07\/f3771542-1ea1-4f0e-812c-99587d43e0f9.jpeg?fit=1024%2C762&amp;ssl=1\" src=\"https:\/\/i0.wp.com\/afomuc.com\/wp-content\/uploads\/2024\/07\/f3771542-1ea1-4f0e-812c-99587d43e0f9.jpeg?resize=2048%2C1524&#038;ssl=1\" alt=\"\" class=\"wp-image-2760\" style=\"aspect-ratio:1;object-fit:cover\" srcset=\"https:\/\/i0.wp.com\/afomuc.com\/wp-content\/uploads\/2024\/07\/f3771542-1ea1-4f0e-812c-99587d43e0f9.jpeg?w=2048&amp;ssl=1 2048w, https:\/\/i0.wp.com\/afomuc.com\/wp-content\/uploads\/2024\/07\/f3771542-1ea1-4f0e-812c-99587d43e0f9.jpeg?resize=300%2C223&amp;ssl=1 300w, https:\/\/i0.wp.com\/afomuc.com\/wp-content\/uploads\/2024\/07\/f3771542-1ea1-4f0e-812c-99587d43e0f9.jpeg?resize=1024%2C762&amp;ssl=1 1024w, https:\/\/i0.wp.com\/afomuc.com\/wp-content\/uploads\/2024\/07\/f3771542-1ea1-4f0e-812c-99587d43e0f9.jpeg?resize=768%2C572&amp;ssl=1 768w, https:\/\/i0.wp.com\/afomuc.com\/wp-content\/uploads\/2024\/07\/f3771542-1ea1-4f0e-812c-99587d43e0f9.jpeg?resize=1536%2C1143&amp;ssl=1 1536w, https:\/\/i0.wp.com\/afomuc.com\/wp-content\/uploads\/2024\/07\/f3771542-1ea1-4f0e-812c-99587d43e0f9.jpeg?resize=200%2C150&amp;ssl=1 200w, https:\/\/i0.wp.com\/afomuc.com\/wp-content\/uploads\/2024\/07\/f3771542-1ea1-4f0e-812c-99587d43e0f9.jpeg?resize=1200%2C893&amp;ssl=1 1200w, https:\/\/i0.wp.com\/afomuc.com\/wp-content\/uploads\/2024\/07\/f3771542-1ea1-4f0e-812c-99587d43e0f9.jpeg?resize=1320%2C982&amp;ssl=1 1320w, https:\/\/i0.wp.com\/afomuc.com\/wp-content\/uploads\/2024\/07\/f3771542-1ea1-4f0e-812c-99587d43e0f9.jpeg?resize=600%2C446&amp;ssl=1 600w\" sizes=\"auto, (max-width: 1000px) 100vw, 1000px\" \/><\/a><\/figure>\n\n\n\n<p class=\"has-small-font-size wp-block-paragraph\">La tenda el pi: De Ultramarinos del siglo XIX a Templo de la M\u00fasica Cl\u00e1sica<\/p>\n<\/div><\/div>\n\n\n\n<p class=\"has-text-align-center wp-block-paragraph\"><strong>AFMUC: Association for the Promotion of Classical Music<\/strong><\/p>\n\n\n\n<div class=\"wp-block-group is-nowrap is-layout-flex wp-container-core-group-is-layout-930d3512 wp-block-group-is-layout-flex\">\n<div class=\"wp-block-columns is-layout-flex wp-container-core-columns-is-layout-930d3512 wp-block-columns-is-layout-flex\">\n<div class=\"wp-block-column is-layout-flow wp-block-column-is-layout-flow\" style=\"flex-basis:100%\"><nav class=\"is-responsive wp-block-navigation is-layout-flex wp-block-navigation-is-layout-flex\" aria-label=\"Navegaci\u00f3n\" \n\t\t data-wp-interactive=\"core\/navigation\" data-wp-context='{\"overlayOpenedBy\":{\"click\":false,\"hover\":false,\"focus\":false},\"type\":\"overlay\",\"roleAttribute\":\"\",\"ariaLabel\":\"Menu\"}'><button aria-haspopup=\"dialog\" aria-label=\"Open menu\" class=\"wp-block-navigation__responsive-container-open\" \n\t\t\t\tdata-wp-on--click=\"actions.openMenuOnClick\"\n\t\t\t\tdata-wp-on--keydown=\"actions.handleMenuKeydown\"\n\t\t\t><svg width=\"24\" height=\"24\" xmlns=\"http:\/\/www.w3.org\/2000\/svg\" viewbox=\"0 0 24 24\" aria-hidden=\"true\" focusable=\"false\"><path d=\"M4 7.5h16v1.5H4z\"><\/path><path d=\"M4 15h16v1.5H4z\"><\/path><\/svg><\/button>\n\t\t\t\t<div class=\"wp-block-navigation__responsive-container\"  id=\"modal-1\" \n\t\t\t\tdata-wp-class--has-modal-open=\"state.isMenuOpen\"\n\t\t\t\tdata-wp-class--is-menu-open=\"state.isMenuOpen\"\n\t\t\t\tdata-wp-watch=\"callbacks.initMenu\"\n\t\t\t\tdata-wp-on--keydown=\"actions.handleMenuKeydown\"\n\t\t\t\tdata-wp-on--focusout=\"actions.handleMenuFocusout\"\n\t\t\t\ttabindex=\"-1\"\n\t\t\t>\n\t\t\t\t\t<div class=\"wp-block-navigation__responsive-close\" tabindex=\"-1\">\n\t\t\t\t\t\t<div class=\"wp-block-navigation__responsive-dialog\" \n\t\t\t\tdata-wp-bind--aria-modal=\"state.ariaModal\"\n\t\t\t\tdata-wp-bind--aria-label=\"state.ariaLabel\"\n\t\t\t\tdata-wp-bind--role=\"state.roleAttribute\"\n\t\t\t>\n\t\t\t\t\t\t\t<button aria-label=\"Close menu\" class=\"wp-block-navigation__responsive-container-close\" \n\t\t\t\tdata-wp-on--click=\"actions.closeMenuOnClick\"\n\t\t\t><svg xmlns=\"http:\/\/www.w3.org\/2000\/svg\" viewbox=\"0 0 24 24\" width=\"24\" height=\"24\" aria-hidden=\"true\" focusable=\"false\"><path d=\"m13.06 12 6.47-6.47-1.06-1.06L12 10.94 5.53 4.47 4.47 5.53 10.94 12l-6.47 6.47 1.06 1.06L12 13.06l6.47 6.47 1.06-1.06L13.06 12Z\"><\/path><\/svg><\/button>\n\t\t\t\t\t\t\t<div class=\"wp-block-navigation__responsive-container-content\" \n\t\t\t\tdata-wp-watch=\"callbacks.focusFirstElement\"\n\t\t\t id=\"modal-1-content\">\n\t\t\t\t\t\t\t\t<ul class=\"wp-block-navigation__container is-responsive wp-block-navigation\"><li class=\"wp-block-navigation-item wp-block-navigation-link\"><a class=\"wp-block-navigation-item__content\"  href=\"https:\/\/afomuc.com\/en\/\"><span class=\"wp-block-navigation-item__label\">Home<\/span><\/a><\/li><li class=\"wp-block-navigation-item wp-block-navigation-link\"><a class=\"wp-block-navigation-item__content\"  href=\"https:\/\/afomuc.com\/en\/conciertos\/\"><span class=\"wp-block-navigation-item__label\">Past Concerts<\/span><\/a><\/li><li class=\"wp-block-navigation-item wp-block-navigation-link\"><a class=\"wp-block-navigation-item__content\"  href=\"https:\/\/afomuc.com\/en\/grabaciones\/\"><span class=\"wp-block-navigation-item__label\">Recordings<\/span><\/a><\/li><li class=\"wp-block-navigation-item wp-block-navigation-link\"><a class=\"wp-block-navigation-item__content\"  href=\"https:\/\/afomuc.com\/en\/nuestros-musicos-2\/\"><span class=\"wp-block-navigation-item__label\">Our Musicians<\/span><\/a><\/li><li class=\"wp-block-navigation-item wp-block-navigation-link\"><a class=\"wp-block-navigation-item__content\"  href=\"https:\/\/afomuc.com\/en\/profesorado\/\"><span class=\"wp-block-navigation-item__label\">Faculty<\/span><\/a><\/li><\/ul>\n\t\t\t\t\t\t\t\t\n\t\t\t\t\t\t\t<\/div>\n\t\t\t\t\t\t<\/div>\n\t\t\t\t\t<\/div>\n\t\t\t\t<\/div><\/nav><\/div>\n<\/div>\n<\/div>\n\n\n\n<div class=\"wp-block-columns is-layout-flex wp-container-core-columns-is-layout-930d3512 wp-block-columns-is-layout-flex\">\n<div class=\"wp-block-column is-layout-flow wp-block-column-is-layout-flow\"><\/div>\n\n\n\n<div class=\"wp-block-column is-layout-flow wp-block-column-is-layout-flow\">\n<div class=\"wp-block-columns is-layout-flex wp-container-core-columns-is-layout-930d3512 wp-block-columns-is-layout-flex\">\n<div class=\"wp-block-column is-layout-flow wp-block-column-is-layout-flow\"><\/div>\n<\/div>\n\n\n\n<div class=\"wp-block-media-text is-stacked-on-mobile is-vertically-aligned-center\" style=\"grid-template-columns:85% auto\"><figure class=\"wp-block-media-text__media\"><a href=\"https:\/\/afomuc.com\/en\/eventos\/\"><img data-recalc-dims=\"1\" loading=\"lazy\" decoding=\"async\" width=\"1024\" height=\"1024\" data-attachment-id=\"10838\" data-permalink=\"https:\/\/afomuc.com\/en\/centro-cultural-tenda-el-pi\/chatgpt-image-30-nov-2025-21_18_15\/\" data-orig-file=\"https:\/\/i0.wp.com\/afomuc.com\/wp-content\/uploads\/2025\/11\/ChatGPT-Image-30-nov-2025-21_18_15.png?fit=1024%2C1024&amp;ssl=1\" data-orig-size=\"1024,1024\" data-comments-opened=\"1\" data-image-meta=\"{&quot;aperture&quot;:&quot;0&quot;,&quot;credit&quot;:&quot;&quot;,&quot;camera&quot;:&quot;&quot;,&quot;caption&quot;:&quot;&quot;,&quot;created_timestamp&quot;:&quot;0&quot;,&quot;copyright&quot;:&quot;&quot;,&quot;focal_length&quot;:&quot;0&quot;,&quot;iso&quot;:&quot;0&quot;,&quot;shutter_speed&quot;:&quot;0&quot;,&quot;title&quot;:&quot;&quot;,&quot;orientation&quot;:&quot;0&quot;}\" data-image-title=\"ChatGPT Image 30 nov 2025, 21_18_15\" data-image-description=\"\" data-image-caption=\"\" data-large-file=\"https:\/\/i0.wp.com\/afomuc.com\/wp-content\/uploads\/2025\/11\/ChatGPT-Image-30-nov-2025-21_18_15.png?fit=1024%2C1024&amp;ssl=1\" src=\"https:\/\/afomuc.com\/wp-content\/uploads\/2026\/01\/3FA771DF-ABF3-4871-AE3F-8F6C7E6C512E.png\" alt=\"\" class=\"wp-image-10838 size-full\" srcset=\"https:\/\/i0.wp.com\/afomuc.com\/wp-content\/uploads\/2026\/01\/3FA771DF-ABF3-4871-AE3F-8F6C7E6C512E.png?w=512&ssl=1 512w, https:\/\/i0.wp.com\/afomuc.com\/wp-content\/uploads\/2026\/01\/3FA771DF-ABF3-4871-AE3F-8F6C7E6C512E.png?resize=300%2C300&ssl=1 300w, https:\/\/i0.wp.com\/afomuc.com\/wp-content\/uploads\/2026\/01\/3FA771DF-ABF3-4871-AE3F-8F6C7E6C512E.png?resize=150%2C150&ssl=1 150w, https:\/\/i0.wp.com\/afomuc.com\/wp-content\/uploads\/2026\/01\/3FA771DF-ABF3-4871-AE3F-8F6C7E6C512E.png?resize=12%2C12&ssl=1 12w, https:\/\/i0.wp.com\/afomuc.com\/wp-content\/uploads\/2026\/01\/3FA771DF-ABF3-4871-AE3F-8F6C7E6C512E.png?resize=100%2C100&ssl=1 100w\" sizes=\"auto, (max-width: 1000px) 100vw, 1000px\" \/><\/a><\/figure><div class=\"wp-block-media-text__content\">\n<p class=\"has-small-font-size wp-block-paragraph\"><\/p>\n<\/div><\/div>\n<\/div>\n\n\n\n<div class=\"wp-block-column is-layout-flow wp-block-column-is-layout-flow\"><\/div>\n<\/div>\n\n\n\n<footer class=\"wp-block-group alignfull is-nowrap is-layout-flex wp-container-core-group-is-layout-930d3512 wp-block-group-is-layout-flex\" id=\"footer\">\n<p class=\"wp-block-paragraph\"><\/p>\n<\/footer>\n\n\n\n<div class=\"wp-block-media-text is-stacked-on-mobile\" style=\"grid-template-columns:26% auto\"><figure class=\"wp-block-media-text__media\"><a href=\"https:\/\/afomuc.com\/en\/ii-encuentro-de-piano-afomuc-y-i-concurso-de-interpretacion\/\"><img data-recalc-dims=\"1\" loading=\"lazy\" decoding=\"async\" width=\"576\" height=\"1024\" data-attachment-id=\"11357\" data-permalink=\"https:\/\/afomuc.com\/en\/ii-encuentro-de-piano-afomuc-y-i-concurso-de-interpretacion\/curso-web-3\/\" data-orig-file=\"https:\/\/i0.wp.com\/afomuc.com\/wp-content\/uploads\/2025\/12\/Curso-web-.jpg?fit=720%2C1280&amp;ssl=1\" data-orig-size=\"720,1280\" data-comments-opened=\"1\" data-image-meta=\"{&quot;aperture&quot;:&quot;0&quot;,&quot;credit&quot;:&quot;&quot;,&quot;camera&quot;:&quot;&quot;,&quot;caption&quot;:&quot;&quot;,&quot;created_timestamp&quot;:&quot;0&quot;,&quot;copyright&quot;:&quot;&quot;,&quot;focal_length&quot;:&quot;0&quot;,&quot;iso&quot;:&quot;0&quot;,&quot;shutter_speed&quot;:&quot;0&quot;,&quot;title&quot;:&quot;&quot;,&quot;orientation&quot;:&quot;0&quot;}\" data-image-title=\"Curso web\" data-image-description=\"\" data-image-caption=\"\" data-large-file=\"https:\/\/i0.wp.com\/afomuc.com\/wp-content\/uploads\/2025\/12\/Curso-web-.jpg?fit=576%2C1024&amp;ssl=1\" src=\"https:\/\/afomuc.com\/wp-content\/uploads\/2026\/01\/Curso-en-inlges.png\" alt=\"\" class=\"wp-image-11357 size-full\" srcset=\"https:\/\/i0.wp.com\/afomuc.com\/wp-content\/uploads\/2026\/01\/Curso-en-inlges.png?w=720&ssl=1 720w, https:\/\/i0.wp.com\/afomuc.com\/wp-content\/uploads\/2026\/01\/Curso-en-inlges.png?resize=169%2C300&ssl=1 169w, https:\/\/i0.wp.com\/afomuc.com\/wp-content\/uploads\/2026\/01\/Curso-en-inlges.png?resize=576%2C1024&ssl=1 576w, https:\/\/i0.wp.com\/afomuc.com\/wp-content\/uploads\/2026\/01\/Curso-en-inlges.png?resize=7%2C12&ssl=1 7w, https:\/\/i0.wp.com\/afomuc.com\/wp-content\/uploads\/2026\/01\/Curso-en-inlges.png?resize=600%2C1067&ssl=1 600w\" sizes=\"auto, (max-width: 576px) 100vw, 576px\" \/><\/a><\/figure><div class=\"wp-block-media-text__content\">\n<p class=\"has-text-align-justify wp-block-paragraph\"><a href=\"https:\/\/afomuc.com\/en\/ii-encuentro-de-piano-afomuc-y-i-concurso-de-interpretacion\/\">II AFOMUC Piano Festival (El Campello)<\/a><\/p>\n\n\n\n<p class=\"wp-block-paragraph\"><a href=\"https:\/\/afomuc.com\/en\/__trashed\/\">I AFOMUC Piano Performance Competition (El Campello)<\/a><\/p>\n<\/div><\/div>","protected":false},"excerpt":{"rendered":"<p>AFOMUC: Asociaci\u00f3n para el fomento de la m\u00fasica cl\u00e1sica II Encuentro de Piano Afomuc-El Campello I Concurso de interpretaci\u00f3n Afomuc-El Campello<\/p>","protected":false},"author":244611430,"featured_media":0,"parent":0,"menu_order":0,"comment_status":"closed","ping_status":"closed","template":"","meta":{"_crdt_document":"","advanced_seo_description":"","jetpack_seo_html_title":"","jetpack_seo_noindex":false,"footnotes":""},"class_list":["post-74","page","type-page","status-publish","hentry"],"jetpack_likes_enabled":true,"jetpack_sharing_enabled":true,"jetpack_shortlink":"https:\/\/wp.me\/PfoX7P-1c","jetpack-related-posts":[],"post_mailing_queue_ids":[],"_links":{"self":[{"href":"https:\/\/afomuc.com\/en\/wp-json\/wp\/v2\/pages\/74","targetHints":{"allow":["GET"]}}],"collection":[{"href":"https:\/\/afomuc.com\/en\/wp-json\/wp\/v2\/pages"}],"about":[{"href":"https:\/\/afomuc.com\/en\/wp-json\/wp\/v2\/types\/page"}],"author":[{"embeddable":true,"href":"https:\/\/afomuc.com\/en\/wp-json\/wp\/v2\/users\/244611430"}],"replies":[{"embeddable":true,"href":"https:\/\/afomuc.com\/en\/wp-json\/wp\/v2\/comments?post=74"}],"version-history":[{"count":67,"href":"https:\/\/afomuc.com\/en\/wp-json\/wp\/v2\/pages\/74\/revisions"}],"predecessor-version":[{"id":11930,"href":"https:\/\/afomuc.com\/en\/wp-json\/wp\/v2\/pages\/74\/revisions\/11930"}],"wp:attachment":[{"href":"https:\/\/afomuc.com\/en\/wp-json\/wp\/v2\/media?parent=74"}],"curies":[{"name":"wp","href":"https:\/\/api.w.org\/{rel}","templated":true}]}}