{"id":101,"date":"2024-01-03T17:42:45","date_gmt":"2024-01-03T16:42:45","guid":{"rendered":"https:\/\/afomuc.com\/?page_id=101"},"modified":"2025-05-24T09:32:59","modified_gmt":"2025-05-24T07:32:59","slug":"artur-mikhlin","status":"publish","type":"page","link":"https:\/\/afomuc.com\/en\/artur-mikhlin\/","title":{"rendered":"Artur Mikhlin"},"content":{"rendered":"<figure class=\"wp-block-image alignleft size-large is-resized\"><img data-recalc-dims=\"1\" loading=\"lazy\" decoding=\"async\" width=\"683\" height=\"1024\" data-attachment-id=\"2787\" data-permalink=\"https:\/\/afomuc.com\/en\/artur-mikhlin\/e7daa89a-51a7-4b3d-a5bf-1057d34570a3\/\" data-orig-file=\"https:\/\/i0.wp.com\/afomuc.com\/wp-content\/uploads\/2024\/07\/e7daa89a-51a7-4b3d-a5bf-1057d34570a3.jpeg?fit=1000%2C1500&amp;ssl=1\" data-orig-size=\"1000,1500\" data-comments-opened=\"1\" data-image-meta=\"{&quot;aperture&quot;:&quot;0&quot;,&quot;credit&quot;:&quot;&quot;,&quot;camera&quot;:&quot;&quot;,&quot;caption&quot;:&quot;&quot;,&quot;created_timestamp&quot;:&quot;0&quot;,&quot;copyright&quot;:&quot;&quot;,&quot;focal_length&quot;:&quot;0&quot;,&quot;iso&quot;:&quot;0&quot;,&quot;shutter_speed&quot;:&quot;0&quot;,&quot;title&quot;:&quot;&quot;,&quot;orientation&quot;:&quot;0&quot;}\" data-image-title=\"e7daa89a-51a7-4b3d-a5bf-1057d34570a3\" data-image-description=\"\" data-image-caption=\"\" data-large-file=\"https:\/\/i0.wp.com\/afomuc.com\/wp-content\/uploads\/2024\/07\/e7daa89a-51a7-4b3d-a5bf-1057d34570a3.jpeg?fit=683%2C1024&amp;ssl=1\" src=\"https:\/\/i0.wp.com\/afomuc.com\/wp-content\/uploads\/2024\/07\/e7daa89a-51a7-4b3d-a5bf-1057d34570a3.jpeg?resize=683%2C1024&#038;ssl=1\" alt=\"\" class=\"wp-image-2787\" style=\"width:545px;height:auto\" srcset=\"https:\/\/i0.wp.com\/afomuc.com\/wp-content\/uploads\/2024\/07\/e7daa89a-51a7-4b3d-a5bf-1057d34570a3.jpeg?resize=683%2C1024&amp;ssl=1 683w, https:\/\/i0.wp.com\/afomuc.com\/wp-content\/uploads\/2024\/07\/e7daa89a-51a7-4b3d-a5bf-1057d34570a3.jpeg?resize=200%2C300&amp;ssl=1 200w, https:\/\/i0.wp.com\/afomuc.com\/wp-content\/uploads\/2024\/07\/e7daa89a-51a7-4b3d-a5bf-1057d34570a3.jpeg?resize=768%2C1152&amp;ssl=1 768w, https:\/\/i0.wp.com\/afomuc.com\/wp-content\/uploads\/2024\/07\/e7daa89a-51a7-4b3d-a5bf-1057d34570a3.jpeg?resize=600%2C900&amp;ssl=1 600w, https:\/\/i0.wp.com\/afomuc.com\/wp-content\/uploads\/2024\/07\/e7daa89a-51a7-4b3d-a5bf-1057d34570a3.jpeg?w=1000&amp;ssl=1 1000w\" sizes=\"auto, (max-width: 683px) 100vw, 683px\" \/><\/figure>\n\n\n\n<p class=\"has-text-align-justify wp-block-paragraph\" style=\"font-size:clamp(14px, 0.875rem + ((1vw - 3.2px) * 0.455), 18px);\">Soy Artur Mikhlin, nacido en Almaty (Kazajist\u00e1n) el 14 de octubre de 2006. A los 6 a\u00f1os empec\u00e9 a tocar el piano en una escuela de m\u00fasica. Despu\u00e9s estudi\u00e9 en la Escuela Republicana de Secundaria especializada en m\u00fasica para ni\u00f1os con altas capacidades que lleva el nombre de Kulyash Baiseitova (2012-2018) en Kazajist\u00e1n donde estudi\u00e9 con la profesora Sholpan Narimanovna. El grado profesional lo he realizado en Alicante con el profesor Federico Solano L\u00f3pez.<\/p>\n\n\n\n<div class=\"wp-block-group has-global-padding is-layout-constrained wp-block-group-is-layout-constrained\">\n<p class=\"wp-block-paragraph\"><strong>Concursos:<\/strong><\/p>\n\n\n\n<ol class=\"wp-block-list\">\n<li style=\"font-size:clamp(14px, 0.875rem + ((1vw - 3.2px) * 0.455), 18px);\">Concurso Republicano de Piano en nombre de Aida Isakova (Almaty, 2015): Primer premio.<\/li>\n<\/ol>\n\n\n\n<ol start=\"2\" class=\"wp-block-list\">\n<li style=\"font-size:clamp(14px, 0.875rem + ((1vw - 3.2px) * 0.455), 18px);\">VIII Concurso Internacional de Piano\u00bbEuropa-Asia\u00bb (Orsk, 2016): Primer premio.<\/li>\n\n\n\n<li style=\"font-size:clamp(14px, 0.875rem + ((1vw - 3.2px) * 0.455), 18px);\">V Concurso de piano republicano (2017-2019, Almaty): Gran Premio, Primer premio.<\/li>\n\n\n\n<li style=\"font-size:clamp(14px, 0.875rem + ((1vw - 3.2px) * 0.455), 18px);\">Concurso republicano de pianistas \u00abAstana-Merey\u00bb (2016, Astana): Tercer premio.<\/li>\n\n\n\n<li style=\"font-size:clamp(14px, 0.875rem + ((1vw - 3.2px) * 0.455), 18px);\">Concurso internacional de pianistas Astana Piano Passion (Astana, 2017) 3er premio, premio especial \u201cLa Esperanza de Kazajist\u00e1n\u201d y tambi\u00e9n masterclasses en la escuela de verano de la Fundaci\u00f3n Ben\u00e9fica Nuevos Nombres (Suzdal, Rusia) entregada por Denis Matsuev. El concurso fue organizado por Denis Matsuev, y en el jurado estaban: Peter Paleczny, Vanessa Latarche, Mart\u00edn Engstr\u00f6m, Vladimir Piasetsky, Stanislav Ioudenitch y Denis Matsuev.<\/li>\n\n\n\n<li style=\"font-size:clamp(14px, 0.875rem + ((1vw - 3.2px) * 0.455), 18px);\">Concurso internacional de televisi\u00f3n \u00abCascanueces\u00bb entre j\u00f3venes m\u00fasicos (Mosc\u00fa, 2018) Diploma. Concurso donde pude contemplar a grandes genios de piano como Eustace Dvarionas, Misha Damev y Dmitriy Bashkirov.<\/li>\n\n\n\n<li style=\"font-size:clamp(14px, 0.875rem + ((1vw - 3.2px) * 0.455), 18px);\">Festival Internacional Fiestalonia (Almaty, Lloret de Mar, 2017-2019) Gran Premio, 2do premio<\/li>\n<\/ol>\n\n\n\n<p class=\"wp-block-paragraph\" style=\"font-size:clamp(14px, 0.875rem + ((1vw - 3.2px) * 0.455), 18px);\">Mi primer concierto con orquesta lo realic\u00e9 con 7 a\u00f1os (2013), donde toqu\u00e9 el Concierto de Berkovich en Almaty, con la Orquesta Sinf\u00f3nica Acad\u00e9mica Estatal de la Rep\u00fablica de Kazajst\u00e1n.<\/p>\n\n\n\n<div class=\"wp-block-columns is-layout-flex wp-container-core-columns-is-layout-930d3512 wp-block-columns-is-layout-flex\">\n<div class=\"wp-block-column is-layout-flow wp-block-column-is-layout-flow\" style=\"flex-basis:100%\">\n<div class=\"wp-block-group has-global-padding is-layout-constrained wp-block-group-is-layout-constrained\">\n<p class=\"wp-block-paragraph\"><strong>Otros conciertos para piano y orquesta:<\/strong><\/p>\n\n\n\n<ol class=\"wp-block-list\">\n<li style=\"font-size:clamp(14px, 0.875rem + ((1vw - 3.2px) * 0.455), 18px);\">Concierto con la Orquesta Sinf\u00f3nica Acad\u00e9mica Estatal de la Rep\u00fablica de Kazajst\u00e1n (2016). Concierto de Haydn en re mayor, Hob. XVIII: 11.<\/li>\n\n\n\n<li style=\"font-size:clamp(14px, 0.875rem + ((1vw - 3.2px) * 0.455), 18px);\">Concierto con la orquesta de c\u00e1mara de la Rep\u00fablica de Kazajst\u00e1n (2018). Concierto n.\u00b01 en do mayor, op. 15 de L. van Beethoven.<\/li>\n\n\n\n<li style=\"font-size:clamp(14px, 0.875rem + ((1vw - 3.2px) * 0.455), 18px);\">Concierto con la Orquesta Sinf\u00f3nica Acad\u00e9mica Estatal de la Rep\u00fablica de Kazajst\u00e1n (2019). El concierto para piano n.\u00ba 2, en sol menor, op. 22, de Camille SaintSa\u00ebns.<\/li>\n\n\n\n<li style=\"font-size:clamp(14px, 0.875rem + ((1vw - 3.2px) * 0.455), 18px);\">Concierto con la Orquesta del Conservatorio Profesional de M\u00fasica de Alicante (2022).<\/li>\n<\/ol>\n\n\n\n<p class=\"wp-block-paragraph\" style=\"font-size:clamp(14px, 0.875rem + ((1vw - 3.2px) * 0.455), 18px);\">Concierto para piano n.\u00ba 5 en mi bemol mayor, op. 73 de L. van Beethoven. Aparte, tuve m\u00faltiples participaciones en conciertos en \u00abEsentai-Mall, Pianos\u00bb (2014-2019). \u00abDespedida\u201d, compositor M. Glinka; \u201c6 bailes rumanos\u201d de Bella Bart\u00f3k, etc.<\/p>\n\n\n\n<p class=\"wp-block-paragraph\"><strong>Masterclass con:<\/strong><\/p>\n\n\n\n<p class=\"wp-block-paragraph\" style=\"font-size:clamp(14px, 0.875rem + ((1vw - 3.2px) * 0.455), 18px);\">Escuela de verano de la Fundaci\u00f3n Ben\u00e9fica Nuevos Nombres (Suzdal,Rusia) (2018\/19) Hasanov Elmar Vagifovich<\/p>\n\n\n\n<p class=\"has-text-align-justify wp-block-paragraph\" style=\"font-size:clamp(14px, 0.875rem + ((1vw - 3.2px) * 0.455), 18px);\">Miembro de la academia de verano de los pa\u00edses y estados b\u00e1lticos bajo el patrocinio de Y.A.Bashmet (Samara,Rusia) (03\/2017) Rostislav Olegovich Krimer; Sergey Glavatskikh.<\/p>\n\n\n\n<p class=\"wp-block-paragraph\" style=\"font-size:clamp(14px, 0.875rem + ((1vw - 3.2px) * 0.455), 18px);\">Veka-Clase magistral en Georgia (2017)<\/p>\n\n\n\n<p class=\"wp-block-paragraph\" style=\"font-size:clamp(14px, 0.875rem + ((1vw - 3.2px) * 0.455), 18px);\">Clase magistral de Natalia Brazhnikova (2017\/18)<\/p>\n\n\n\n<p class=\"has-text-align-justify wp-block-paragraph\" style=\"font-size:clamp(14px, 0.875rem + ((1vw - 3.2px) * 0.455), 18px);\">En el a\u00f1o 2019 me mud\u00e9 a Alicante (Espa\u00f1a) para seguir con mis estudios de m\u00fasica. Actualmente estoy estudiando en el Conservatorio Professional de M\u00fasica \u201cguitarrista Jos\u00e9 Tom\u00e1s\u201d con el profesor Federico Solano L\u00f3pez en Piano y el profesor Antonio P\u00e9rez Abell\u00e1n en M\u00fasica de c\u00e1mara (pianista, sintetizador y editor personal de Karlheinz Stockhausen) entre los a\u00f1os 2020-2023.<\/p>\n\n\n\n<p class=\"has-text-align-justify wp-block-paragraph\"><strong>Conciertos en Espa\u00f1a:<\/strong><\/p>\n\n\n\n<ol class=\"wp-block-list\">\n<li style=\"font-size:clamp(14px, 0.875rem + ((1vw - 3.2px) * 0.455), 18px);\">Concierto en el Conservatorio Superior de Murcia de Manuel Masotti Littel (2020). Etude de Chopin No. 2 de Op 25, Etude de Liszt \u00abDanza redonda de los enanos\u00bb<\/li>\n\n\n\n<li style=\"font-size:clamp(14px, 0.875rem + ((1vw - 3.2px) * 0.455), 18px);\">Concierto en Iglesia de San Vicente del Raspeig (2020).<\/li>\n\n\n\n<li style=\"font-size:clamp(14px, 0.875rem + ((1vw - 3.2px) * 0.455), 18px);\">Participaci\u00f3n m\u00faltiple en los Conciertos en el Museo Bellas Artes de Gravina de Alicante \u00abMubag\u201d (2021-2023) donde interpret\u00e9: Sonata de Prokofiev no. 3, Mozart-Volodos \u201cLa Marcha Turca\u201d, Chopin scherzo op. 31 no. 2, entre otras obras. Tambi\u00e9n toqu\u00e9 con c\u00e1mara: F. Schubert \u201cLa trucha\u201d, R. Schumann Quinteto op. 44 para piano y cuerdas en mi bemol mayor, Karlheinz Stockhausen \u201cAus den sieben Tagen. Richtige Dauern.\u201d, etc.<\/li>\n\n\n\n<li style=\"font-size:clamp(14px, 0.875rem + ((1vw - 3.2px) * 0.455), 18px);\">Conciertos m\u00faltiples en el Auditorio de Diputaci\u00f3n de Alicante (ADDA, 2021-2023) donde interpret\u00e9: Chopin scherzo op. 31 no. 2, Granados \u201cLos requiebros\u201d y \u201cLa Serenata del Espectro\u201d de la suite \u201cGoyescas\u201d, Bach Preludio y fuga no. 3 del I libro de \u201cClave bien temperado\u201d, estudios de Chopin op. 25 no. 6, 11, 12, etc. Adem\u00e1s, interpret\u00e9 m\u00fasica de c\u00e1mara: Schubert \u201cLa trucha\u201d, C. Franck Quinteto para piano y cuerdas en la menor, etc.<\/li>\n\n\n\n<li style=\"font-size:clamp(14px, 0.875rem + ((1vw - 3.2px) * 0.455), 18px);\">Concierto en el Conservatorio Superior de Murcia de Manuel Masotti Littel (2022): Granados \u201cLos Requiebros\u201d de la suite \u201cGoyescas\u201d, Chopin Estudio no. 5 de la op. 25, Scriabin Mazurka op. 25 no. 3, Mozart\/Volodos \u201cLa Marcha Turca\u201d. 6. Concierto dedicado al gran pianista Gonzalo Soriano con motivo del 50 aniversario de su fallecimiento en el Conservatorio Profesional de M\u00fasica de Alicante el 27-10-2022.<\/li>\n\n\n\n<li style=\"font-size:clamp(14px, 0.875rem + ((1vw - 3.2px) * 0.455), 18px);\">Integral de los estudios de F. Chopin (2022) donde toqu\u00e9 los 12 estudios de la op. 25. Concierto en el Conservatorio Superior de M\u00fasica \u00d3scar Espl\u00e1 dedicado a Schumann e interpret\u00e9 el Carnaval op. 9 de Schumann, nocturno de Chopin op. 62 no. 1 y la polonesa op. 21 de Scriabin.<\/li>\n\n\n\n<li style=\"font-size:clamp(14px, 0.875rem + ((1vw - 3.2px) * 0.455), 18px);\">Obras contempor\u00e1neas de Ricardo Llorca (Coral y Cavatina), Alexis Soriano (Toccata), Jorge Grundman (estudios para piano no. 1 y 2), Rub\u00e9n Jord\u00e1n ( Aokigahara). Madrid. Manuel de Falla organizado por la Sociedad de Autores y Editores (SGAE).<\/li>\n<\/ol>\n\n\n\n<p class=\"wp-block-paragraph\"><strong>Otras masterclasses con:<\/strong><\/p>\n\n\n\n<p class=\"wp-block-paragraph\" style=\"font-size:clamp(14px, 0.875rem + ((1vw - 3.2px) * 0.455), 18px);\">Alfredo de la Ossa Morales (2019\/22)<\/p>\n\n\n\n<p class=\"wp-block-paragraph\" style=\"font-size:clamp(14px, 0.875rem + ((1vw - 3.2px) * 0.455), 18px);\">Ricardo Descalzo: Masterclass de m\u00fasica contempor\u00e1nea. (2022\/2023)<\/p>\n\n\n\n<p class=\"wp-block-paragraph\" style=\"font-size:clamp(14px, 0.875rem + ((1vw - 3.2px) * 0.341), 17px);\">Ricardo Llorca 22\/2023<\/p>\n\n\n\n<p class=\"wp-block-paragraph\" style=\"font-size:clamp(14px, 0.875rem + ((1vw - 3.2px) * 0.455), 18px);\">Rosa Torres-Pardo 22\/2023<\/p>\n\n\n\n<p class=\"wp-block-paragraph\" style=\"font-size:clamp(14px, 0.875rem + ((1vw - 3.2px) * 0.455), 18px);\">Alexis Soriano 22\/2023<\/p>\n\n\n\n<p class=\"wp-block-paragraph\" style=\"font-size:clamp(14px, 0.875rem + ((1vw - 3.2px) * 0.455), 18px);\">Gulnara Mashurova 22\/2023<\/p>\n<\/div>\n<\/div>\n<\/div>\n<\/div>\n\n\n\n<ul class=\"wp-block-social-links is-layout-flex wp-block-social-links-is-layout-flex\"><li class=\"wp-social-link wp-social-link-instagram  wp-block-social-link\"><a href=\"https:\/\/www.instagram.com\/mikh__art?utm_source=qr&#038;igsh=MTZlbWphaGlsemF3NA==\" class=\"wp-block-social-link-anchor\"><svg width=\"24\" height=\"24\" viewbox=\"0 0 24 24\" version=\"1.1\" xmlns=\"http:\/\/www.w3.org\/2000\/svg\" aria-hidden=\"true\" focusable=\"false\"><path d=\"M12,4.622c2.403,0,2.688,0.009,3.637,0.052c0.877,0.04,1.354,0.187,1.671,0.31c0.42,0.163,0.72,0.358,1.035,0.673 c0.315,0.315,0.51,0.615,0.673,1.035c0.123,0.317,0.27,0.794,0.31,1.671c0.043,0.949,0.052,1.234,0.052,3.637 s-0.009,2.688-0.052,3.637c-0.04,0.877-0.187,1.354-0.31,1.671c-0.163,0.42-0.358,0.72-0.673,1.035 c-0.315,0.315-0.615,0.51-1.035,0.673c-0.317,0.123-0.794,0.27-1.671,0.31c-0.949,0.043-1.233,0.052-3.637,0.052 s-2.688-0.009-3.637-0.052c-0.877-0.04-1.354-0.187-1.671-0.31c-0.42-0.163-0.72-0.358-1.035-0.673 c-0.315-0.315-0.51-0.615-0.673-1.035c-0.123-0.317-0.27-0.794-0.31-1.671C4.631,14.688,4.622,14.403,4.622,12 s0.009-2.688,0.052-3.637c0.04-0.877,0.187-1.354,0.31-1.671c0.163-0.42,0.358-0.72,0.673-1.035 c0.315-0.315,0.615-0.51,1.035-0.673c0.317-0.123,0.794-0.27,1.671-0.31C9.312,4.631,9.597,4.622,12,4.622 M12,3 C9.556,3,9.249,3.01,8.289,3.054C7.331,3.098,6.677,3.25,6.105,3.472C5.513,3.702,5.011,4.01,4.511,4.511 c-0.5,0.5-0.808,1.002-1.038,1.594C3.25,6.677,3.098,7.331,3.054,8.289C3.01,9.249,3,9.556,3,12c0,2.444,0.01,2.751,0.054,3.711 c0.044,0.958,0.196,1.612,0.418,2.185c0.23,0.592,0.538,1.094,1.038,1.594c0.5,0.5,1.002,0.808,1.594,1.038 c0.572,0.222,1.227,0.375,2.185,0.418C9.249,20.99,9.556,21,12,21s2.751-0.01,3.711-0.054c0.958-0.044,1.612-0.196,2.185-0.418 c0.592-0.23,1.094-0.538,1.594-1.038c0.5-0.5,0.808-1.002,1.038-1.594c0.222-0.572,0.375-1.227,0.418-2.185 C20.99,14.751,21,14.444,21,12s-0.01-2.751-0.054-3.711c-0.044-0.958-0.196-1.612-0.418-2.185c-0.23-0.592-0.538-1.094-1.038-1.594 c-0.5-0.5-1.002-0.808-1.594-1.038c-0.572-0.222-1.227-0.375-2.185-0.418C14.751,3.01,14.444,3,12,3L12,3z M12,7.378 c-2.552,0-4.622,2.069-4.622,4.622S9.448,16.622,12,16.622s4.622-2.069,4.622-4.622S14.552,7.378,12,7.378z M12,15 c-1.657,0-3-1.343-3-3s1.343-3,3-3s3,1.343,3,3S13.657,15,12,15z M16.804,6.116c-0.596,0-1.08,0.484-1.08,1.08 s0.484,1.08,1.08,1.08c0.596,0,1.08-0.484,1.08-1.08S17.401,6.116,16.804,6.116z\"><\/path><\/svg><span class=\"wp-block-social-link-label screen-reader-text\">Instagram<\/span><\/a><\/li>\n\n<li class=\"wp-social-link wp-social-link-youtube  wp-block-social-link\"><a href=\"https:\/\/www.youtube.com\/playlist?list=PLYtN2yC6_JxVnT3noat3kKt4W3gNQASjs\" class=\"wp-block-social-link-anchor\"><svg width=\"24\" height=\"24\" viewbox=\"0 0 24 24\" version=\"1.1\" xmlns=\"http:\/\/www.w3.org\/2000\/svg\" aria-hidden=\"true\" focusable=\"false\"><path d=\"M21.8,8.001c0,0-0.195-1.378-0.795-1.985c-0.76-0.797-1.613-0.801-2.004-0.847c-2.799-0.202-6.997-0.202-6.997-0.202 h-0.009c0,0-4.198,0-6.997,0.202C4.608,5.216,3.756,5.22,2.995,6.016C2.395,6.623,2.2,8.001,2.2,8.001S2,9.62,2,11.238v1.517 c0,1.618,0.2,3.237,0.2,3.237s0.195,1.378,0.795,1.985c0.761,0.797,1.76,0.771,2.205,0.855c1.6,0.153,6.8,0.201,6.8,0.201 s4.203-0.006,7.001-0.209c0.391-0.047,1.243-0.051,2.004-0.847c0.6-0.607,0.795-1.985,0.795-1.985s0.2-1.618,0.2-3.237v-1.517 C22,9.62,21.8,8.001,21.8,8.001z M9.935,14.594l-0.001-5.62l5.404,2.82L9.935,14.594z\"><\/path><\/svg><span class=\"wp-block-social-link-label screen-reader-text\">YouTube<\/span><\/a><\/li><\/ul>\n\n\n\n<p class=\"wp-block-paragraph\"><\/p>","protected":false},"excerpt":{"rendered":"<p>Soy Artur Mikhlin, nacido en Almaty (Kazajist\u00e1n) el 14 de octubre de 2006. A los 6 a\u00f1os empec\u00e9 a tocar el piano en una escuela de m\u00fasica. Despu\u00e9s estudi\u00e9 en la Escuela Republicana de Secundaria especializada en m\u00fasica para ni\u00f1os con altas capacidades que lleva el nombre de Kulyash Baiseitova (2012-2018) en Kazajist\u00e1n donde estudi\u00e9 [&hellip;]<\/p>\n","protected":false},"author":244611430,"featured_media":0,"parent":0,"menu_order":0,"comment_status":"closed","ping_status":"closed","template":"","meta":{"_crdt_document":"","advanced_seo_description":"","jetpack_seo_html_title":"","jetpack_seo_noindex":false,"footnotes":""},"class_list":["post-101","page","type-page","status-publish","hentry"],"jetpack_likes_enabled":true,"jetpack_sharing_enabled":true,"jetpack_shortlink":"https:\/\/wp.me\/PfoX7P-1D","jetpack-related-posts":[],"post_mailing_queue_ids":[],"_links":{"self":[{"href":"https:\/\/afomuc.com\/en\/wp-json\/wp\/v2\/pages\/101","targetHints":{"allow":["GET"]}}],"collection":[{"href":"https:\/\/afomuc.com\/en\/wp-json\/wp\/v2\/pages"}],"about":[{"href":"https:\/\/afomuc.com\/en\/wp-json\/wp\/v2\/types\/page"}],"author":[{"embeddable":true,"href":"https:\/\/afomuc.com\/en\/wp-json\/wp\/v2\/users\/244611430"}],"replies":[{"embeddable":true,"href":"https:\/\/afomuc.com\/en\/wp-json\/wp\/v2\/comments?post=101"}],"version-history":[{"count":34,"href":"https:\/\/afomuc.com\/en\/wp-json\/wp\/v2\/pages\/101\/revisions"}],"predecessor-version":[{"id":7156,"href":"https:\/\/afomuc.com\/en\/wp-json\/wp\/v2\/pages\/101\/revisions\/7156"}],"wp:attachment":[{"href":"https:\/\/afomuc.com\/en\/wp-json\/wp\/v2\/media?parent=101"}],"curies":[{"name":"wp","href":"https:\/\/api.w.org\/{rel}","templated":true}]}}